{"id":17,"date":"2020-11-23T17:29:48","date_gmt":"2020-11-23T17:29:48","guid":{"rendered":"https:\/\/shiraspa.pl\/?page_id=17"},"modified":"2024-10-07T20:23:56","modified_gmt":"2024-10-07T20:23:56","slug":"o-nas","status":"publish","type":"page","link":"https:\/\/shiraspa.pl\/?page_id=17","title":{"rendered":"O nas"},"content":{"rendered":"\n<p>Witamy w naszym gabinecie kosmetologicznym, miejscu, gdzie Twoje pi\u0119kno spotyka si\u0119 z profesjonalizmem i najnowszymi osi\u0105gni\u0119ciami kosmetologii. Naszym celem jest nie tylko poprawa wygl\u0105du, ale tak\u017ce zwi\u0119kszenie pewno\u015bci siebie i samopoczucia naszych klient\u00f3w. <\/p>\n\n\n\n<p><strong>Kim jeste\u015bmy?<\/strong><\/p>\n\n\n\n<p>Jeste\u015bmy zespo\u0142em do\u015bwiadczonych kosmetolog\u00f3w i specjalist\u00f3w, kt\u00f3rzy z pasj\u0105 podchodz\u0105 do swojej pracy. Nasza kadra regularnie uczestniczy w szkoleniach i warsztatach, aby by\u0107 na bie\u017c\u0105co z najnowszymi trendami i technikami w bran\u017cy kosmetycznej.<\/p>\n\n\n\n<p><strong>Co oferujemy?<\/strong><\/p>\n\n\n\n<p>W naszym gabinecie znajdziesz szerok\u0105 gam\u0119 zabieg\u00f3w, kt\u00f3re pomog\u0105 Ci zadba\u0107 o sk\u00f3r\u0119 twarzy i cia\u0142a. Oferujemy m.in.:<\/p>\n\n\n\n<p>Stymulatory tkankowe&nbsp;<\/p>\n\n\n\n<p>Botox<\/p>\n\n\n\n<p>Zabiegi oczyszczaj\u0105ce i nawil\u017caj\u0105ce<\/p>\n\n\n\n<p>Peelingi chemiczne<\/p>\n\n\n\n<p>Mikrodermabrazj\u0119<\/p>\n\n\n\n<p>Zabiegi przeciwstarzeniowe<\/p>\n\n\n\n<p><strong>Dlaczego warto nas odwiedzi\u0107?<\/strong><\/p>\n\n\n\n<p>1. Indywidualne podej\u015bcie:&nbsp;<\/p>\n\n\n\n<p>Ka\u017cdy klient jest dla nas wyj\u0105tkowy. Dopasowujemy zabiegi do indywidualnych potrzeb i oczekiwa\u0144, aby osi\u0105gn\u0105\u0107 najlepsze rezultaty.<\/p>\n\n\n\n<p>2. Nowoczesny sprz\u0119t:&nbsp;<\/p>\n\n\n\n<p>Korzystamy z najnowocze\u015bniejszych urz\u0105dze\u0144 i kosmetyk\u00f3w renomowanych marek, co gwarantuje bezpiecze\u0144stwo i skuteczno\u015b\u0107 naszych zabieg\u00f3w.<\/p>\n\n\n\n<p>3. Przyjazna atmosfera:&nbsp;<\/p>\n\n\n\n<p>Tworzymy przytulne i relaksuj\u0105ce miejsce, gdzie mo\u017cesz si\u0119 odpr\u0119\u017cy\u0107 i zadba\u0107 o siebie z dala od codziennych trosk.<\/p>\n\n\n\n<p>4. Profesjonalizm i do\u015bwiadczenie:&nbsp;<\/p>\n\n\n\n<p>Nasz zesp\u00f3\u0142 to wykwalifikowani specjali\u015bci, kt\u00f3rzy z pasj\u0105 i zaanga\u017cowaniem dbaj\u0105 o Twoje pi\u0119kno.<\/p>\n\n\n\n<p><strong>Nasza misja<\/strong><\/p>\n\n\n\n<p>Naszym celem jest dostarczanie najwy\u017cszej jako\u015bci us\u0142ug kosmetycznych, kt\u00f3re nie tylko poprawiaj\u0105 wygl\u0105d, ale r\u00f3wnie\u017c wp\u0142ywaj\u0105 na samopoczucie i pewno\u015b\u0107 siebie naszych klient\u00f3w. Chcemy, aby ka\u017cdy, kto odwiedza nasz gabinet, poczu\u0142 si\u0119 wyj\u0105tkowy i doceniony.<\/p>\n\n\n\n<p>Zapraszamy do naszego gabinetu kosmetologicznego, gdzie Twoje pi\u0119kno jest nasz\u0105 pasj\u0105. Zarezerwuj wizyt\u0119 ju\u017c dzi\u015b i przekonaj si\u0119, jak wiele mo\u017cemy dla Ciebie zrobi\u0107!<\/p>\n\n\n\n<p><\/p>\n\n\n\n<p><strong>Serdecznie zapraszamy.<\/strong><\/p>\n","protected":false},"excerpt":{"rendered":"<p>Witamy w naszym gabinecie kosmetologicznym, miejscu, gdzie Twoje pi\u0119kno spotyka si\u0119 z profesjonalizmem i najnowszymi osi\u0105gni\u0119ciami kosmetologii. Naszym celem jest nie tylko poprawa wygl\u0105du, ale tak\u017ce zwi\u0119kszenie pewno\u015bci siebie i samopoczucia naszych klient\u00f3w. Kim jeste\u015bmy? Jeste\u015bmy zespo\u0142em do\u015bwiadczonych kosmetolog\u00f3w i specjalist\u00f3w, kt\u00f3rzy z pasj\u0105 podchodz\u0105 do swojej pracy. Nasza kadra regularnie uczestniczy w szkoleniach i &hellip; <\/p>\n<p class=\"link-more\"><a href=\"https:\/\/shiraspa.pl\/?page_id=17\" class=\"more-link\">Czytaj dalej<span class=\"screen-reader-text\"> \u201eO nas\u201d<\/span><\/a><\/p>\n","protected":false},"author":1,"featured_media":0,"parent":0,"menu_order":0,"comment_status":"closed","ping_status":"closed","template":"","meta":{"footnotes":""},"class_list":["post-17","page","type-page","status-publish","hentry"],"yoast_head":"<!-- This site is optimized with the Yoast SEO plugin v27.4 - https:\/\/yoast.com\/product\/yoast-seo-wordpress\/ -->\n<title>O nas - Gabinet Kosmetologii i Medycyny Estetycznej<\/title>\n<meta name=\"robots\" content=\"index, follow, max-snippet:-1, max-image-preview:large, max-video-preview:-1\" \/>\n<link rel=\"canonical\" href=\"https:\/\/shiraspa.pl\/?page_id=17\" \/>\n<meta property=\"og:locale\" content=\"pl_PL\" \/>\n<meta property=\"og:type\" content=\"article\" \/>\n<meta property=\"og:title\" content=\"O nas - Gabinet Kosmetologii i Medycyny Estetycznej\" \/>\n<meta property=\"og:description\" content=\"Witamy w naszym gabinecie kosmetologicznym, miejscu, gdzie Twoje pi\u0119kno spotyka si\u0119 z profesjonalizmem i najnowszymi osi\u0105gni\u0119ciami kosmetologii. Naszym celem jest nie tylko poprawa wygl\u0105du, ale tak\u017ce zwi\u0119kszenie pewno\u015bci siebie i samopoczucia naszych klient\u00f3w. Kim jeste\u015bmy? Jeste\u015bmy zespo\u0142em do\u015bwiadczonych kosmetolog\u00f3w i specjalist\u00f3w, kt\u00f3rzy z pasj\u0105 podchodz\u0105 do swojej pracy. Nasza kadra regularnie uczestniczy w szkoleniach i &hellip; Czytaj dalej \u201eO nas\u201d\" \/>\n<meta property=\"og:url\" content=\"https:\/\/shiraspa.pl\/?page_id=17\" \/>\n<meta property=\"og:site_name\" content=\"Gabinet Kosmetologii i Medycyny Estetycznej\" \/>\n<meta property=\"article:modified_time\" content=\"2024-10-07T20:23:56+00:00\" \/>\n<meta name=\"twitter:card\" content=\"summary_large_image\" \/>\n<meta name=\"twitter:label1\" content=\"Szacowany czas czytania\" \/>\n\t<meta name=\"twitter:data1\" content=\"2 minuty\" \/>\n<script type=\"application\/ld+json\" class=\"yoast-schema-graph\">{\"@context\":\"https:\\\/\\\/schema.org\",\"@graph\":[{\"@type\":\"WebPage\",\"@id\":\"https:\\\/\\\/shiraspa.pl\\\/?page_id=17\",\"url\":\"https:\\\/\\\/shiraspa.pl\\\/?page_id=17\",\"name\":\"O nas - Gabinet Kosmetologii i Medycyny Estetycznej\",\"isPartOf\":{\"@id\":\"https:\\\/\\\/shiraspa.pl\\\/#website\"},\"datePublished\":\"2020-11-23T17:29:48+00:00\",\"dateModified\":\"2024-10-07T20:23:56+00:00\",\"breadcrumb\":{\"@id\":\"https:\\\/\\\/shiraspa.pl\\\/?page_id=17#breadcrumb\"},\"inLanguage\":\"pl-PL\",\"potentialAction\":[{\"@type\":\"ReadAction\",\"target\":[\"https:\\\/\\\/shiraspa.pl\\\/?page_id=17\"]}]},{\"@type\":\"BreadcrumbList\",\"@id\":\"https:\\\/\\\/shiraspa.pl\\\/?page_id=17#breadcrumb\",\"itemListElement\":[{\"@type\":\"ListItem\",\"position\":1,\"name\":\"Strona g\u0142\u00f3wna\",\"item\":\"https:\\\/\\\/shiraspa.pl\\\/\"},{\"@type\":\"ListItem\",\"position\":2,\"name\":\"O nas\"}]},{\"@type\":\"WebSite\",\"@id\":\"https:\\\/\\\/shiraspa.pl\\\/#website\",\"url\":\"https:\\\/\\\/shiraspa.pl\\\/\",\"name\":\"Gabinet Kosmetologii i Medycyny Estetycznej\",\"description\":\"Przyjd\u017a i zrelaksuj si\u0119 w ShiraSpa\",\"potentialAction\":[{\"@type\":\"SearchAction\",\"target\":{\"@type\":\"EntryPoint\",\"urlTemplate\":\"https:\\\/\\\/shiraspa.pl\\\/?s={search_term_string}\"},\"query-input\":{\"@type\":\"PropertyValueSpecification\",\"valueRequired\":true,\"valueName\":\"search_term_string\"}}],\"inLanguage\":\"pl-PL\"}]}<\/script>\n<!-- \/ Yoast SEO plugin. -->","yoast_head_json":{"title":"O nas - Gabinet Kosmetologii i Medycyny Estetycznej","robots":{"index":"index","follow":"follow","max-snippet":"max-snippet:-1","max-image-preview":"max-image-preview:large","max-video-preview":"max-video-preview:-1"},"canonical":"https:\/\/shiraspa.pl\/?page_id=17","og_locale":"pl_PL","og_type":"article","og_title":"O nas - Gabinet Kosmetologii i Medycyny Estetycznej","og_description":"Witamy w naszym gabinecie kosmetologicznym, miejscu, gdzie Twoje pi\u0119kno spotyka si\u0119 z profesjonalizmem i najnowszymi osi\u0105gni\u0119ciami kosmetologii. Naszym celem jest nie tylko poprawa wygl\u0105du, ale tak\u017ce zwi\u0119kszenie pewno\u015bci siebie i samopoczucia naszych klient\u00f3w. Kim jeste\u015bmy? Jeste\u015bmy zespo\u0142em do\u015bwiadczonych kosmetolog\u00f3w i specjalist\u00f3w, kt\u00f3rzy z pasj\u0105 podchodz\u0105 do swojej pracy. Nasza kadra regularnie uczestniczy w szkoleniach i &hellip; Czytaj dalej \u201eO nas\u201d","og_url":"https:\/\/shiraspa.pl\/?page_id=17","og_site_name":"Gabinet Kosmetologii i Medycyny Estetycznej","article_modified_time":"2024-10-07T20:23:56+00:00","twitter_card":"summary_large_image","twitter_misc":{"Szacowany czas czytania":"2 minuty"},"schema":{"@context":"https:\/\/schema.org","@graph":[{"@type":"WebPage","@id":"https:\/\/shiraspa.pl\/?page_id=17","url":"https:\/\/shiraspa.pl\/?page_id=17","name":"O nas - Gabinet Kosmetologii i Medycyny Estetycznej","isPartOf":{"@id":"https:\/\/shiraspa.pl\/#website"},"datePublished":"2020-11-23T17:29:48+00:00","dateModified":"2024-10-07T20:23:56+00:00","breadcrumb":{"@id":"https:\/\/shiraspa.pl\/?page_id=17#breadcrumb"},"inLanguage":"pl-PL","potentialAction":[{"@type":"ReadAction","target":["https:\/\/shiraspa.pl\/?page_id=17"]}]},{"@type":"BreadcrumbList","@id":"https:\/\/shiraspa.pl\/?page_id=17#breadcrumb","itemListElement":[{"@type":"ListItem","position":1,"name":"Strona g\u0142\u00f3wna","item":"https:\/\/shiraspa.pl\/"},{"@type":"ListItem","position":2,"name":"O nas"}]},{"@type":"WebSite","@id":"https:\/\/shiraspa.pl\/#website","url":"https:\/\/shiraspa.pl\/","name":"Gabinet Kosmetologii i Medycyny Estetycznej","description":"Przyjd\u017a i zrelaksuj si\u0119 w ShiraSpa","potentialAction":[{"@type":"SearchAction","target":{"@type":"EntryPoint","urlTemplate":"https:\/\/shiraspa.pl\/?s={search_term_string}"},"query-input":{"@type":"PropertyValueSpecification","valueRequired":true,"valueName":"search_term_string"}}],"inLanguage":"pl-PL"}]}},"_links":{"self":[{"href":"https:\/\/shiraspa.pl\/index.php?rest_route=\/wp\/v2\/pages\/17","targetHints":{"allow":["GET"]}}],"collection":[{"href":"https:\/\/shiraspa.pl\/index.php?rest_route=\/wp\/v2\/pages"}],"about":[{"href":"https:\/\/shiraspa.pl\/index.php?rest_route=\/wp\/v2\/types\/page"}],"author":[{"embeddable":true,"href":"https:\/\/shiraspa.pl\/index.php?rest_route=\/wp\/v2\/users\/1"}],"replies":[{"embeddable":true,"href":"https:\/\/shiraspa.pl\/index.php?rest_route=%2Fwp%2Fv2%2Fcomments&post=17"}],"version-history":[{"count":26,"href":"https:\/\/shiraspa.pl\/index.php?rest_route=\/wp\/v2\/pages\/17\/revisions"}],"predecessor-version":[{"id":103,"href":"https:\/\/shiraspa.pl\/index.php?rest_route=\/wp\/v2\/pages\/17\/revisions\/103"}],"wp:attachment":[{"href":"https:\/\/shiraspa.pl\/index.php?rest_route=%2Fwp%2Fv2%2Fmedia&parent=17"}],"curies":[{"name":"wp","href":"https:\/\/api.w.org\/{rel}","templated":true}]}}